{"id":943,"date":"2026-01-18T17:17:41","date_gmt":"2026-01-18T16:17:41","guid":{"rendered":"https:\/\/premuda.hr\/?page_id=943"},"modified":"2026-02-17T09:22:14","modified_gmt":"2026-02-17T08:22:14","slug":"kalendar-dogadaja","status":"publish","type":"page","link":"https:\/\/premuda.hr\/en\/kalendar-dogadaja\/","title":{"rendered":"Kalendar Doga\u0111aja"},"content":{"rendered":"<div class=\"wp-block-stackable-columns alignfull stk-block-columns stk-block stk-cf247fd stk-block-background stk--has-background-overlay\" data-block-id=\"cf247fd\"><style>.stk-cf247fd {background-color:var(--theme-palette-color-4, #000000) !important;background-image:url(https:\/\/ml8cyy1qf2vv.i.optimole.com\/w:auto\/h:auto\/q:mauto\/f:best\/https:\/\/premuda.hr\/wp-content\/uploads\/2026\/01\/IMG_20210626_114354.jpg) !important;background-position:top center !important;padding-top:310px !important;padding-right:35px !important;padding-bottom:180px !important;padding-left:35px !important;margin-bottom:0px !important;}.stk-cf247fd:before{background-color:var(--theme-palette-color-4, #000000) !important;opacity:0.1 !important;}@media screen and (max-width:999px){.stk-cf247fd {padding-top:210px !important;padding-bottom:140px !important;}}<\/style><div class=\"stk-row stk-inner-blocks has-text-align-center stk-block-content stk-content-align stk-cf247fd-column\">\n<div class=\"wp-block-stackable-column stk-block-column stk-column stk-block stk-1d93b9f\" data-v=\"4\" data-block-id=\"1d93b9f\"><style>.stk-1d93b9f-container{margin-top:0px !important;margin-right:0px !important;margin-bottom:0px !important;margin-left:0px !important;}<\/style><div class=\"stk-column-wrapper stk-block-column__content stk-container stk-1d93b9f-container stk--no-background stk--no-padding\"><div class=\"stk-block-content stk-inner-blocks stk-1d93b9f-inner-blocks\">\n<div class=\"wp-block-stackable-heading stk-block-heading stk-block-heading--v2 stk-block stk-436ce8b\" id=\"kalendar-dogadaja\" data-block-id=\"436ce8b\"><style>.stk-436ce8b {margin-bottom:20px !important;}.stk-436ce8b .stk-block-heading__text{font-size:70px !important;color:var(--theme-palette-color-8, #ffffff) !important;line-height:1em !important;font-weight:800 !important;}@media screen and (max-width:999px){.stk-436ce8b .stk-block-heading__text{font-size:50px !important;}}<\/style><h2 class=\"stk-block-heading__text has-text-color has-palette-color-8-color\">Kalendar doga\u0111aja<\/h2><\/div>\n\n\n\n<div class=\"wp-block-stackable-text stk-block-text stk-block stk-ad51fb0\" data-block-id=\"ad51fb0\"><style>.stk-ad51fb0 {max-width:55% !important;min-width:auto !important;margin-right:auto !important;margin-left:auto !important;}.stk-ad51fb0 .stk-block-text__text{color:var(--theme-palette-color-8, #ffffff) !important;}@media screen and (max-width:999px){.stk-ad51fb0 {max-width:100% !important;min-width:auto !important;}}<\/style><p class=\"stk-block-text__text has-text-color has-palette-color-8-color\">Sve \u0161to vas o\u010dekuje na Premudi mo\u017eete prona\u0107i ovdje.<\/p><\/div>\n<\/div><\/div><\/div>\n<\/div><\/div>\n\n\n\n<div class=\"wp-block-stackable-spacer stk-block-spacer stk--no-padding stk-block stk-c45db57\" data-block-id=\"c45db57\"><\/div>\n\n\n\n<p>Tijekom 2026. godine na otoku Premudi planiran je niz <strong>doga\u0111aja, radionica i zajedni\u010dkih akcija<\/strong> usmjerenih na o\u010duvanje tradicije, prirode i identiteta otoka, ja\u010danje zajedni\u0161tva te aktivno uklju\u010divanje mje\u0161tana i prijatelja Premude.<\/p>\n\n\n\n<p>Program obuhva\u0107a <strong>edukativne, kulturne, ekolo\u0161ke i dru\u0161tvene aktivnosti<\/strong> koje \u0107e se odvijati kroz cijelu godinu, uz sudjelovanje lokalne zajednice, udruga, stru\u010dnjaka i partnera.<\/p>\n\n\n\n<p>Poseban naglasak stavljen je na <strong>prijenos tradicionalnih znanja<\/strong>, o\u010duvanje nematerijalne i prirodne ba\u0161tine, volontiranje te stvaranje prostora za susrete i dru\u017eenja svih generacija.<\/p>\n\n\n\n<h3 class=\"wp-block-heading\"><strong>\u0160to nas o\u010dekuje u 2026. godini?<\/strong><\/h3>\n\n\n\n<p>Me\u0111u planiranim aktivnostima nalaze se:<\/p>\n\n\n\n<ul class=\"wp-block-list\">\n<li>radionice tradicionalnih vje\u0161tina poput <strong>krpanja i armanja mre\u017ea<\/strong>, izrade <strong>galana i makaruna<\/strong>, te radionica <strong>bilja Premude<\/strong><\/li>\n\n\n\n<li><strong>ekolo\u0161ke akcije<\/strong> \u010di\u0161\u0107enja podmorja i lokalnih puteva<\/li>\n\n\n\n<li><strong>kulturni i dru\u0161tveni programi<\/strong> poput ljetnog kina, turnira tradicionalnih igara i edukativnih predavanja o povijesti otoka<\/li>\n\n\n\n<li>manifestacije koje slave <strong>lokalne proizvode i identitet<\/strong>, uklju\u010duju\u0107i <em>Dan premujskog krumpira<\/em><\/li>\n\n\n\n<li>aktivnosti usmjerene na <strong>ure\u0111enje i o\u010duvanje okoli\u0161a<\/strong>, poput sadnje zelenila i po\u0161umljavanja<\/li>\n<\/ul>\n\n\n\n<p>Program \u0107e se odvijati od <strong>travnja do studenog 2026.<\/strong>, uz sudjelovanje Dru\u0161tva Premujana, mje\u0161tana Premude, Turisti\u010dke zajednice Grada Zadra, lokalnih znalaca, umjetnika i drugih partnera.<\/p>\n\n\n\n<p>Kalendar doga\u0111aja zami\u0161ljen je kao <strong>otvoren i \u017eivi program<\/strong>, a to\u010dni datumi i dodatne informacije o pojedinim aktivnostima bit \u0107e objavljivani tijekom godine na web stranici i dru\u0161tvenim mre\u017eama.<\/p>\n\n\n\n<figure class=\"wp-block-table\"><table class=\"has-fixed-layout\"><thead><tr><th><strong>Aktivnost<\/strong><\/th><th><strong>Opis<\/strong><\/th><th><strong>Vrijeme provedbe<\/strong><\/th><th><strong>Partneri \/ Voditelji<\/strong><\/th><\/tr><\/thead><tbody><tr><td>Radionica \u201cKrpanje i armanje mre\u017ea\u201d<\/td><td>Prijenos tradicionalnih ribarskih vje\u0161tina starijih mje\u0161tana mladima; dokumentacija i prezentacija.<\/td><td>Svibanj 2026.<\/td><td>Dru\u0161tvo Premujana<\/td><\/tr><tr><td>Izrada kola\u010da \u201cGalani\u201c i tjestenine \u201cMakaruni\u201d<\/td><td>Kulinarska radionica s degustacijom&nbsp; tradicionalnih oto\u010dnih kola\u010da i tjestenine<\/td><td>Lipanj 2026.<\/td><td>Mje\u0161tanke Premude<\/td><\/tr><tr><td>Radionica \u201cBilje Premude\u201d<\/td><td>Edukativno-prakti\u010dna radionica o sakupljanju i preradi ljekovitog i eteri\u010dnog bilja.<\/td><td>Lipanj 2026.<\/td><td>Lokalni znalci, Premujana<\/td><\/tr><tr><td>Ljetno kino&nbsp;<\/td><td>Umjetnici Marko i Martina Me\u0161trovi\u0107 vode animacije i projekciju<\/td><td>Srpanj\u2013kolovoz 2026.<\/td><td>Marko i Martina Me\u0161trovi\u0107<\/td><\/tr><tr><td>Radionica flicane vune&nbsp;<\/td><td>Ana Gar\u017eina vodi radionica izrade flicane vune, od oto\u010dkih ovaca sa \u0160kolja<\/td><td>Srpanj 2026.<\/td><td>TZ Grada Zadra<\/td><\/tr><tr><td>Akcija \u201c\u010ci\u0161\u0107enje podmorja \u2013&nbsp;<\/td><td>Ronila\u010dka akcija i ekolo\u0161ka edukacija u suradnji s Premuda Diving Centrom.<\/td><td>Svibanj 2026.<\/td><td>Premuda Diving&nbsp;<\/td><\/tr><tr><td>Akcija \u201c\u010ci\u0161\u0107enje puteva\u201d<\/td><td>Ure\u0111enje i \u010di\u0161\u0107enje lokalnih pje\u0161a\u010dkih puteva uz sudjelovanje volontera.<\/td><td>Travanj 2026.<\/td><td>Dru\u0161tvo Premujana i DVD<\/td><\/tr><tr><td>\u201cDan premujskog krumpira\u201d<\/td><td>Manifestacija posve\u0107ena lokalnom brendu \u201cPremujski krumpir\u201d s ku\u0161anjem i gastro natjecanjem.<\/td><td>Rujan 2026.<\/td><td>TZ Grada Zadra<\/td><\/tr><tr><td>Turniri tradicije (bri\u0161kula, tre\u0161eta, balote)<\/td><td>Natjecanja i dru\u017eenja u povodu blagdana sv. Jakova.<\/td><td>Srpanj 2026.<\/td><td>Dru\u0161tvo Premujana<\/td><\/tr><tr><td>Edukacija \u201cPutovanje kroz pro\u0161lost Premude\u201d<\/td><td>Predavanje don Antona \u0160ulji\u0107a o povijesti i ba\u0161tini otoka.<\/td><td>Listopad 2026.<\/td><td>Don Anton \u0160ulji\u0107<\/td><\/tr><tr><td>Akcija sadnje zelenila i po\u0161umljavanja<\/td><td>Sadnja maslina i autohtonih biljaka radi oplemenjivanja prostora mjesta.<\/td><td>Studeni 2026.<\/td><td>Dru\u0161tvo Premujana<\/td><\/tr><\/tbody><\/table><\/figure>\n\n\n\n<div class=\"wp-block-stackable-spacer stk-block-spacer stk--no-padding stk-block stk-26c4291\" data-block-id=\"26c4291\"><\/div>\n\n\n\n<p><\/p>","protected":false},"excerpt":{"rendered":"<p>Kalendar doga\u0111aja Sve \u0161to vas o\u010dekuje na Premudi mo\u017eete prona\u0107i ovdje. Tijekom 2026. godine na otoku Premudi planiran je niz doga\u0111aja, radionica i zajedni\u010dkih akcija usmjerenih na o\u010duvanje tradicije, prirode i identiteta otoka, ja\u010danje zajedni\u0161tva te aktivno uklju\u010divanje mje\u0161tana i prijatelja Premude. Program obuhva\u0107a edukativne, kulturne, ekolo\u0161ke i dru\u0161tvene aktivnosti koje \u0107e se odvijati kroz [&hellip;]<\/p>","protected":false},"author":1,"featured_media":885,"parent":0,"menu_order":0,"comment_status":"closed","ping_status":"closed","template":"","meta":{"footnotes":""},"class_list":["post-943","page","type-page","status-publish","has-post-thumbnail","hentry"],"blocksy_meta":{"vertical_spacing_source":"custom","content_area_spacing":"none","styles_descriptor":{"styles":{"desktop":"","tablet":"","mobile":""},"google_fonts":[],"version":6},"has_hero_section":"disabled"},"_links":{"self":[{"href":"https:\/\/premuda.hr\/en\/wp-json\/wp\/v2\/pages\/943","targetHints":{"allow":["GET"]}}],"collection":[{"href":"https:\/\/premuda.hr\/en\/wp-json\/wp\/v2\/pages"}],"about":[{"href":"https:\/\/premuda.hr\/en\/wp-json\/wp\/v2\/types\/page"}],"author":[{"embeddable":true,"href":"https:\/\/premuda.hr\/en\/wp-json\/wp\/v2\/users\/1"}],"replies":[{"embeddable":true,"href":"https:\/\/premuda.hr\/en\/wp-json\/wp\/v2\/comments?post=943"}],"version-history":[{"count":9,"href":"https:\/\/premuda.hr\/en\/wp-json\/wp\/v2\/pages\/943\/revisions"}],"predecessor-version":[{"id":1055,"href":"https:\/\/premuda.hr\/en\/wp-json\/wp\/v2\/pages\/943\/revisions\/1055"}],"wp:featuredmedia":[{"embeddable":true,"href":"https:\/\/premuda.hr\/en\/wp-json\/wp\/v2\/media\/885"}],"wp:attachment":[{"href":"https:\/\/premuda.hr\/en\/wp-json\/wp\/v2\/media?parent=943"}],"curies":[{"name":"wp","href":"https:\/\/api.w.org\/{rel}","templated":true}]}}