{"id":702,"date":"2025-12-31T13:22:19","date_gmt":"2025-12-31T13:22:19","guid":{"rendered":"https:\/\/premuda.hr\/?page_id=702"},"modified":"2026-03-18T21:45:16","modified_gmt":"2026-03-18T20:45:16","slug":"mjesni-odbor","status":"publish","type":"page","link":"https:\/\/premuda.hr\/en\/mjesni-odbor\/","title":{"rendered":"Mjesni Odbor"},"content":{"rendered":"<div class=\"wp-block-stackable-columns alignfull stk-block-columns stk-block stk-cf247fd stk-block-background stk--has-background-overlay\" data-block-id=\"cf247fd\"><style>.stk-cf247fd {background-color:var(--theme-palette-color-4, #000000) !important;background-image:url(https:\/\/ml8cyy1qf2vv.i.optimole.com\/w:auto\/h:auto\/q:mauto\/f:best\/https:\/\/premuda.hr\/wp-content\/uploads\/2026\/01\/IMG_20220720_200451-2.jpg) !important;background-position:top center !important;padding-top:310px !important;padding-right:35px !important;padding-bottom:180px !important;padding-left:35px !important;margin-bottom:0px !important;}.stk-cf247fd:before{background-color:var(--theme-palette-color-4, #000000) !important;opacity:0.1 !important;}@media screen and (max-width:999px){.stk-cf247fd {padding-top:210px !important;padding-bottom:140px !important;}}<\/style><div class=\"stk-row stk-inner-blocks has-text-align-center stk-block-content stk-content-align stk-cf247fd-column\">\n<div class=\"wp-block-stackable-column stk-block-column stk-column stk-block stk-1d93b9f\" data-v=\"4\" data-block-id=\"1d93b9f\"><style>.stk-1d93b9f-container{margin-top:0px !important;margin-right:0px !important;margin-bottom:0px !important;margin-left:0px !important;}<\/style><div class=\"stk-column-wrapper stk-block-column__content stk-container stk-1d93b9f-container stk--no-background stk--no-padding\"><div class=\"stk-block-content stk-inner-blocks stk-1d93b9f-inner-blocks\">\n<div class=\"wp-block-stackable-heading stk-block-heading stk-block-heading--v2 stk-block stk-436ce8b\" id=\"mjesni-odbor-premuda\" data-block-id=\"436ce8b\"><style>.stk-436ce8b {margin-bottom:20px !important;}.stk-436ce8b .stk-block-heading__text{font-size:70px !important;color:var(--theme-palette-color-8, #ffffff) !important;line-height:1em !important;font-weight:800 !important;}@media screen and (max-width:999px){.stk-436ce8b .stk-block-heading__text{font-size:50px !important;}}<\/style><h2 class=\"stk-block-heading__text has-text-color has-palette-color-8-color\">Mjesni odbor Premuda<\/h2><\/div>\n\n\n\n<div class=\"wp-block-stackable-text stk-block-text stk-block stk-ad51fb0\" data-block-id=\"ad51fb0\"><style>.stk-ad51fb0 {max-width:55% !important;min-width:auto !important;margin-right:auto !important;margin-left:auto !important;}.stk-ad51fb0 .stk-block-text__text{color:var(--theme-palette-color-8, #ffffff) !important;}@media screen and (max-width:999px){.stk-ad51fb0 {max-width:100% !important;min-width:auto !important;}}<\/style><p class=\"stk-block-text__text has-text-color has-palette-color-8-color\">Mjesni odbor, poveznica izme\u0111u oto\u010dne zajednice i grada Zadra.<\/p><\/div>\n<\/div><\/div><\/div>\n<\/div><\/div>\n\n\n\n<div class=\"wp-block-stackable-spacer stk-block-spacer stk--no-padding stk-block stk-6b5a4b6\" data-block-id=\"6b5a4b6\"><\/div>\n\n\n\n<p><\/p>\n\n\n\n<p>Mjesni odbor PREMUDA osnovan je Statutom Grada Zadra kao oblik neposrednog sudjelovanja gra\u0111ana u odlu\u010divanju o lokalnim poslovima od neposrednog i svakodnevnog utjecaja na \u017eivot i rad gra\u0111ana na podru\u010dju mjesnog odbora. Podru\u010dje i granice mjesnog odbora Premuda utvr\u0111ene su Odlukom o utvr\u0111ivanju podru\u010dja mjesnih odbora Grada Zadra (\u201eGlasnik Grada Zadra\u201c, br.30\/10).<\/p>\n\n\n\n<p>Novoizabrani mjesni odbor konstituiran je 25.11.2025. na konstituiraju\u0107oj sjednici u Zadru. Sjedi\u0161te mjesnog odbora Premuda je na otoku Premuda, Premuda 87,  njegova tijela su Vije\u0107e mjesnog odbora i predsjednik Vije\u0107a mjesnog odbora:<\/p>\n\n\n\n<ul class=\"wp-block-list\">\n<li>Matko \u0160karpona&nbsp;\u2013 predsjednik Vije\u0107a MO<\/li>\n\n\n\n<li>Ser\u0111o Kova\u010devi\u0107&nbsp;\u2013 \u010dlan MO, potpredsjednik<\/li>\n\n\n\n<li>Bo\u017eena Vidovi\u0107&nbsp;\u2013 \u010dlan MO<\/li>\n\n\n\n<li>Meri Lukin&nbsp;\u2013 tajnica MO<\/li>\n\n\n\n<li>Franko Jadro\u0161i\u0107&nbsp;\u2013 \u010dlan MO<\/li>\n<\/ul>\n\n\n\n<p><\/p>\n\n\n\n<p><\/p>\n\n\n\n<div class=\"wp-block-stackable-text stk-block-text stk-block stk-e56ee07\" id=\"zapisnici\" data-block-id=\"e56ee07\"><style>.stk-e56ee07 {margin-bottom:0px !important;}<\/style><p class=\"stk-block-text__text\"><strong>Zapisnici:<\/strong><\/p><\/div>\n\n\n\n<div class=\"wp-block-file\"><a id=\"wp-block-file--media-4b9a7f27-4572-4cd2-a147-55410ac0482a\" href=\"https:\/\/premuda.hr\/wp-content\/uploads\/2026\/03\/Zapisnik-1.-sjednica-Vijeca-MO-30.12.2025.w.pdf\">Zapisnik 1. sjednica Vijeca MO 30.12.2025.w<\/a><a href=\"https:\/\/premuda.hr\/wp-content\/uploads\/2026\/03\/Zapisnik-1.-sjednica-Vijeca-MO-30.12.2025.w.pdf\" class=\"wp-block-file__button wp-element-button\" download aria-describedby=\"wp-block-file--media-4b9a7f27-4572-4cd2-a147-55410ac0482a\">Preuzmi<\/a><\/div>\n\n\n\n<p><\/p>\n\n\n\n<p><\/p>\n\n\n\n<div class=\"wp-block-stackable-spacer stk-block-spacer stk--no-padding stk-block stk-4bafbea\" data-block-id=\"4bafbea\"><\/div>","protected":false},"excerpt":{"rendered":"<p>Mjesni odbor Premuda Mjesni odbor, poveznica izme\u0111u oto\u010dne zajednice i grada Zadra. Mjesni odbor PREMUDA osnovan je Statutom Grada Zadra kao oblik neposrednog sudjelovanja gra\u0111ana u odlu\u010divanju o lokalnim poslovima od neposrednog i svakodnevnog utjecaja na \u017eivot i rad gra\u0111ana na podru\u010dju mjesnog odbora. Podru\u010dje i granice mjesnog odbora Premuda utvr\u0111ene su Odlukom o utvr\u0111ivanju [&hellip;]<\/p>","protected":false},"author":1,"featured_media":0,"parent":0,"menu_order":0,"comment_status":"closed","ping_status":"closed","template":"","meta":{"footnotes":""},"class_list":["post-702","page","type-page","status-publish","hentry"],"blocksy_meta":{"has_hero_section":"disabled","styles_descriptor":{"styles":{"desktop":"","tablet":"","mobile":""},"google_fonts":[],"version":6},"vertical_spacing_source":"custom","content_area_spacing":"none"},"_links":{"self":[{"href":"https:\/\/premuda.hr\/en\/wp-json\/wp\/v2\/pages\/702","targetHints":{"allow":["GET"]}}],"collection":[{"href":"https:\/\/premuda.hr\/en\/wp-json\/wp\/v2\/pages"}],"about":[{"href":"https:\/\/premuda.hr\/en\/wp-json\/wp\/v2\/types\/page"}],"author":[{"embeddable":true,"href":"https:\/\/premuda.hr\/en\/wp-json\/wp\/v2\/users\/1"}],"replies":[{"embeddable":true,"href":"https:\/\/premuda.hr\/en\/wp-json\/wp\/v2\/comments?post=702"}],"version-history":[{"count":18,"href":"https:\/\/premuda.hr\/en\/wp-json\/wp\/v2\/pages\/702\/revisions"}],"predecessor-version":[{"id":1082,"href":"https:\/\/premuda.hr\/en\/wp-json\/wp\/v2\/pages\/702\/revisions\/1082"}],"wp:attachment":[{"href":"https:\/\/premuda.hr\/en\/wp-json\/wp\/v2\/media?parent=702"}],"curies":[{"name":"wp","href":"https:\/\/api.w.org\/{rel}","templated":true}]}}