{"id":1094,"date":"2026-03-31T06:36:21","date_gmt":"2026-03-31T04:36:21","guid":{"rendered":"https:\/\/premuda.hr\/?page_id=1094"},"modified":"2026-04-03T07:04:05","modified_gmt":"2026-04-03T05:04:05","slug":"donacije","status":"publish","type":"page","link":"https:\/\/premuda.hr\/en\/donacije\/","title":{"rendered":"Donacije"},"content":{"rendered":"<div class=\"wp-block-stackable-columns alignfull stk-block-columns stk-block stk-cf247fd stk-block-background stk--has-background-overlay\" data-block-id=\"cf247fd\"><style>.stk-cf247fd {background-color:var(--theme-palette-color-4, #000000) !important;background-image:url(https:\/\/ml8cyy1qf2vv.i.optimole.com\/w:auto\/h:auto\/q:mauto\/f:best\/https:\/\/premuda.hr\/wp-content\/uploads\/2026\/03\/premuda-zalazak-sunca.jpeg) !important;background-position:top center !important;padding-top:310px !important;padding-right:35px !important;padding-bottom:180px !important;padding-left:35px !important;margin-bottom:0px !important;}.stk-cf247fd:before{background-color:var(--theme-palette-color-4, #000000) !important;opacity:0.1 !important;}@media screen and (max-width:999px){.stk-cf247fd {padding-top:210px !important;padding-bottom:140px !important;}}<\/style><div class=\"stk-row stk-inner-blocks has-text-align-center stk-block-content stk-content-align stk-cf247fd-column\">\n<div class=\"wp-block-stackable-column stk-block-column stk-column stk-block stk-1d93b9f\" data-v=\"4\" data-block-id=\"1d93b9f\"><style>.stk-1d93b9f-container{margin-top:0px !important;margin-right:0px !important;margin-bottom:0px !important;margin-left:0px !important;}<\/style><div class=\"stk-column-wrapper stk-block-column__content stk-container stk-1d93b9f-container stk--no-background stk--no-padding\"><div class=\"stk-block-content stk-inner-blocks stk-1d93b9f-inner-blocks\">\n<div class=\"wp-block-stackable-heading stk-block-heading stk-block-heading--v2 stk-block stk-436ce8b\" id=\"podrzite-premudu\" data-block-id=\"436ce8b\"><style>.stk-436ce8b {margin-bottom:20px !important;}.stk-436ce8b .stk-block-heading__text{font-size:70px !important;color:var(--theme-palette-color-8, #ffffff) !important;line-height:1em !important;font-weight:800 !important;}@media screen and (max-width:999px){.stk-436ce8b .stk-block-heading__text{font-size:50px !important;}}<\/style><h2 class=\"stk-block-heading__text has-text-color has-palette-color-8-color\">Podr\u017eite Premudu<\/h2><\/div>\n\n\n\n<div class=\"wp-block-stackable-text stk-block-text stk-block stk-ad51fb0\" data-block-id=\"ad51fb0\"><style>.stk-ad51fb0 {max-width:55% !important;min-width:auto !important;margin-right:auto !important;margin-left:auto !important;}.stk-ad51fb0 .stk-block-text__text{color:var(--theme-palette-color-8, #ffffff) !important;}@media screen and (max-width:999px){.stk-ad51fb0 {max-width:100% !important;min-width:auto !important;}}<\/style><p class=\"stk-block-text__text has-text-color has-palette-color-8-color\">Va\u0161im doprinosom zajedno \u010duvamo i razvijamo \u017eivot na otoku Premudi.<\/p><\/div>\n<\/div><\/div><\/div>\n<\/div><\/div>\n\n\n\n<p><\/p>\n\n\n\n<p>Va\u0161a podr\u0161ka poma\u017ee o\u010duvanju tradicije, prirode i zajednice na otoku Premudi.<br>Kroz donacije omogu\u0107ujemo provedbu projekata, radionica, zajedni\u010dkih akcija i inicijativa koje doprinose kvaliteti \u017eivota na otoku.<\/p>\n\n\n\n<blockquote class=\"wp-block-quote is-layout-flow wp-block-quote-is-layout-flow\">\n<p>Donacije se koriste za provedbu aktivnosti i projekata od interesa za zajednicu, uklju\u010duju\u0107i:<\/p>\n<\/blockquote>\n\n\n\n<ul class=\"wp-block-list\">\n<li>o\u010duvanje kulturne i tradicijske ba\u0161tine<\/li>\n\n\n\n<li>organizaciju radionica i edukativnih programa<\/li>\n\n\n\n<li>provedbu ekolo\u0161kih akcija i ure\u0111enje prostora<\/li>\n\n\n\n<li>razvoj zajedni\u010dkih inicijativa i doga\u0111anja<\/li>\n<\/ul>\n\n\n\n<p>Sva prikupljena sredstva koriste se isklju\u010divo za aktivnosti i projekte povezane s razvojem i o\u010duvanjem otoka Premude.<br>Udruga vodi evidenciju donacija u skladu s va\u017ee\u0107im propisima te nastoji osigurati transparentnost u kori\u0161tenju sredstava.<\/p>\n\n\n\n<p>Zahvaljujemo svim donatorima koji svojim doprinosom podr\u017eavaju Premudu i njezinu zajednicu.<\/p>\n\n\n\n<blockquote class=\"wp-block-quote is-layout-flow wp-block-quote-is-layout-flow\">\n<p>Donaciju je mogu\u0107e izvr\u0161iti izravnom uplatom:<\/p>\n<\/blockquote>\n\n\n\n<p><strong>Primatelj:<\/strong> UDRUGA \u201eDRU\u0160TVO PREMUJANA\u201c<br><strong>IBAN:<\/strong> HR0923900011100350928<br><strong>Opis pla\u0107anja:<\/strong> Donacija<br><strong>Model:<\/strong>00<\/p>\n\n\n\n<figure class=\"wp-block-image size-full is-resized\"><img data-opt-id=942757134  fetchpriority=\"high\" decoding=\"async\" width=\"1025\" height=\"1025\" src=\"https:\/\/ml8cyy1qf2vv.i.optimole.com\/w:auto\/h:auto\/q:mauto\/f:best\/https:\/\/premuda.hr\/wp-content\/uploads\/2026\/04\/qrcode-a16c7138-e358-4d05-aa7d-af72b2842639.png\" alt=\"\" class=\"wp-image-1113\" style=\"width:240px\" srcset=\"https:\/\/ml8cyy1qf2vv.i.optimole.com\/w:1025\/h:1025\/q:mauto\/f:best\/https:\/\/premuda.hr\/wp-content\/uploads\/2026\/04\/qrcode-a16c7138-e358-4d05-aa7d-af72b2842639.png 1025w, https:\/\/ml8cyy1qf2vv.i.optimole.com\/w:300\/h:300\/q:mauto\/f:best\/https:\/\/premuda.hr\/wp-content\/uploads\/2026\/04\/qrcode-a16c7138-e358-4d05-aa7d-af72b2842639.png 300w, https:\/\/ml8cyy1qf2vv.i.optimole.com\/w:150\/h:150\/q:mauto\/f:best\/https:\/\/premuda.hr\/wp-content\/uploads\/2026\/04\/qrcode-a16c7138-e358-4d05-aa7d-af72b2842639.png 150w, https:\/\/ml8cyy1qf2vv.i.optimole.com\/w:768\/h:768\/q:mauto\/f:best\/https:\/\/premuda.hr\/wp-content\/uploads\/2026\/04\/qrcode-a16c7138-e358-4d05-aa7d-af72b2842639.png 768w, https:\/\/ml8cyy1qf2vv.i.optimole.com\/w:12\/h:12\/q:mauto\/f:best\/dpr:2\/https:\/\/premuda.hr\/wp-content\/uploads\/2026\/04\/qrcode-a16c7138-e358-4d05-aa7d-af72b2842639.png 12w\" sizes=\"(max-width: 1025px) 100vw, 1025px\" \/><\/figure>\n\n\n\n<p>Hvala vam \u0161to podr\u017eavate Premudu &#x2764;&#xfe0f;<br>Zajedno \u010duvamo ono \u0161to nam je va\u017eno.<\/p>\n\n\n\n<div class=\"wp-block-stackable-spacer stk-block-spacer stk--no-padding stk-block stk-bd6f40c\" data-block-id=\"bd6f40c\"><\/div>","protected":false},"excerpt":{"rendered":"<p>Podr\u017eite Premudu Va\u0161im doprinosom zajedno \u010duvamo i razvijamo \u017eivot na otoku Premudi. Va\u0161a podr\u0161ka poma\u017ee o\u010duvanju tradicije, prirode i zajednice na otoku Premudi.Kroz donacije omogu\u0107ujemo provedbu projekata, radionica, zajedni\u010dkih akcija i inicijativa koje doprinose kvaliteti \u017eivota na otoku. Donacije se koriste za provedbu aktivnosti i projekata od interesa za zajednicu, uklju\u010duju\u0107i: Sva prikupljena sredstva koriste [&hellip;]<\/p>","protected":false},"author":1,"featured_media":894,"parent":0,"menu_order":0,"comment_status":"closed","ping_status":"closed","template":"","meta":{"footnotes":""},"class_list":["post-1094","page","type-page","status-publish","has-post-thumbnail","hentry"],"blocksy_meta":{"has_hero_section":"disabled","styles_descriptor":{"styles":{"desktop":"","tablet":"","mobile":""},"google_fonts":[],"version":6},"vertical_spacing_source":"custom","content_area_spacing":"none"},"_links":{"self":[{"href":"https:\/\/premuda.hr\/en\/wp-json\/wp\/v2\/pages\/1094","targetHints":{"allow":["GET"]}}],"collection":[{"href":"https:\/\/premuda.hr\/en\/wp-json\/wp\/v2\/pages"}],"about":[{"href":"https:\/\/premuda.hr\/en\/wp-json\/wp\/v2\/types\/page"}],"author":[{"embeddable":true,"href":"https:\/\/premuda.hr\/en\/wp-json\/wp\/v2\/users\/1"}],"replies":[{"embeddable":true,"href":"https:\/\/premuda.hr\/en\/wp-json\/wp\/v2\/comments?post=1094"}],"version-history":[{"count":13,"href":"https:\/\/premuda.hr\/en\/wp-json\/wp\/v2\/pages\/1094\/revisions"}],"predecessor-version":[{"id":1115,"href":"https:\/\/premuda.hr\/en\/wp-json\/wp\/v2\/pages\/1094\/revisions\/1115"}],"wp:featuredmedia":[{"embeddable":true,"href":"https:\/\/premuda.hr\/en\/wp-json\/wp\/v2\/media\/894"}],"wp:attachment":[{"href":"https:\/\/premuda.hr\/en\/wp-json\/wp\/v2\/media?parent=1094"}],"curies":[{"name":"wp","href":"https:\/\/api.w.org\/{rel}","templated":true}]}}